{"id":452,"date":"2020-11-11T19:30:30","date_gmt":"2020-11-11T19:30:30","guid":{"rendered":"https:\/\/www.geoturismolickanantay.cl\/?post_type=product&#038;p=452"},"modified":"2025-12-23T10:03:12","modified_gmt":"2025-12-23T10:03:12","slug":"lagunas-de-atacama","status":"publish","type":"product","link":"https:\/\/www.geoturismolickanantay.cl\/en\/product\/lagunas-de-atacama\/","title":{"rendered":"ATACAMA LAGOONS TOUR"},"content":{"rendered":"","protected":false},"excerpt":{"rendered":"<p><strong>Day 1<\/strong><br \/>\n<strong>Departure from Copiap\u00f3 (7:30\/8:00 am).<\/strong><br \/>\n1. Santa Rosa Lagoon.<br \/>\n2. Ramsar Site.<br \/>\n3. Negro Francisco Lagoon and La Gallina River.<br \/>\n4. Rest in cabins.<\/p>\n<p>&nbsp;<\/p>\n<p><strong>Day 2<\/strong><br \/>\n5. Lamas River viewpoint and Ojos del Salado volcano.<br \/>\n6. Laguna verde and its thermal springs.<br \/>\n<strong>Return to Copiap\u00f3 (17:00\/18:00 pm).<\/strong><\/p>","protected":false},"featured_media":1371,"comment_status":"open","ping_status":"closed","template":"","meta":[],"product_cat":[58,19,37,49],"product_tag":[],"class_list":{"0":"post-452","1":"product","2":"type-product","3":"status-publish","4":"has-post-thumbnail","6":"product_cat-dls2","7":"product_cat-excursiones","8":"product_cat-montana","9":"product_cat-populares","11":"first","12":"instock","13":"shipping-taxable","14":"purchasable","15":"product-type-simple"},"yoast_head":"<!-- This site is optimized with the Yoast SEO plugin v23.3 - https:\/\/yoast.com\/wordpress\/plugins\/seo\/ -->\n<title>LAGUNAS DE ATACAMA - Geoturismo<\/title>\n<meta name=\"description\" content=\"Si tu sue\u00f1o son las excursiones por Chile, a Atacama, con nuestros tour podr\u00e1s cumplirlo. Cont\u00e1ctanos y te sorprender\u00e1s.\" \/>\n<meta name=\"robots\" content=\"index, follow, max-snippet:-1, max-image-preview:large, max-video-preview:-1\" \/>\n<link rel=\"canonical\" href=\"https:\/\/www.geoturismolickanantay.cl\/en\/product\/lagunas-de-atacama\/\" \/>\n<meta property=\"og:locale\" content=\"en_US\" \/>\n<meta property=\"og:type\" content=\"article\" \/>\n<meta property=\"og:title\" content=\"LAGUNAS DE ATACAMA - Geoturismo\" \/>\n<meta property=\"og:description\" content=\"Si tu sue\u00f1o son las excursiones por Chile, a Atacama, con nuestros tour podr\u00e1s cumplirlo. Cont\u00e1ctanos y te sorprender\u00e1s.\" \/>\n<meta property=\"og:url\" content=\"https:\/\/www.geoturismolickanantay.cl\/en\/product\/lagunas-de-atacama\/\" \/>\n<meta property=\"og:site_name\" content=\"Geoturismo\" \/>\n<meta property=\"article:modified_time\" content=\"2025-12-23T10:03:12+00:00\" \/>\n<meta property=\"og:image\" content=\"https:\/\/www.geoturismolickanantay.cl\/wp-content\/uploads\/2020\/11\/Lagunas-de-Atacama-10-copia.jpg\" \/>\n\t<meta property=\"og:image:width\" content=\"707\" \/>\n\t<meta property=\"og:image:height\" content=\"720\" \/>\n\t<meta property=\"og:image:type\" content=\"image\/jpeg\" \/>\n<meta name=\"twitter:card\" content=\"summary_large_image\" \/>\n<meta name=\"twitter:label1\" content=\"Est. reading time\" \/>\n\t<meta name=\"twitter:data1\" content=\"1 minute\" \/>\n<script type=\"application\/ld+json\" class=\"yoast-schema-graph\">{\"@context\":\"https:\/\/schema.org\",\"@graph\":[{\"@type\":\"WebPage\",\"@id\":\"https:\/\/www.geoturismolickanantay.cl\/en\/product\/lagunas-de-atacama\/\",\"url\":\"https:\/\/www.geoturismolickanantay.cl\/en\/product\/lagunas-de-atacama\/\",\"name\":\"LAGUNAS DE ATACAMA - Geoturismo\",\"isPartOf\":{\"@id\":\"https:\/\/www.geoturismolickanantay.cl\/en\/#website\"},\"primaryImageOfPage\":{\"@id\":\"https:\/\/www.geoturismolickanantay.cl\/en\/product\/lagunas-de-atacama\/#primaryimage\"},\"image\":{\"@id\":\"https:\/\/www.geoturismolickanantay.cl\/en\/product\/lagunas-de-atacama\/#primaryimage\"},\"thumbnailUrl\":\"https:\/\/www.geoturismolickanantay.cl\/wp-content\/uploads\/2020\/11\/Lagunas-de-Atacama-10-copia.jpg\",\"datePublished\":\"2020-11-11T19:30:30+00:00\",\"dateModified\":\"2025-12-23T10:03:12+00:00\",\"description\":\"Si tu sue\u00f1o son las excursiones por Chile, a Atacama, con nuestros tour podr\u00e1s cumplirlo. Cont\u00e1ctanos y te sorprender\u00e1s.\",\"breadcrumb\":{\"@id\":\"https:\/\/www.geoturismolickanantay.cl\/en\/product\/lagunas-de-atacama\/#breadcrumb\"},\"inLanguage\":\"en-US\",\"potentialAction\":[{\"@type\":\"ReadAction\",\"target\":[\"https:\/\/www.geoturismolickanantay.cl\/en\/product\/lagunas-de-atacama\/\"]}]},{\"@type\":\"ImageObject\",\"inLanguage\":\"en-US\",\"@id\":\"https:\/\/www.geoturismolickanantay.cl\/en\/product\/lagunas-de-atacama\/#primaryimage\",\"url\":\"https:\/\/www.geoturismolickanantay.cl\/wp-content\/uploads\/2020\/11\/Lagunas-de-Atacama-10-copia.jpg\",\"contentUrl\":\"https:\/\/www.geoturismolickanantay.cl\/wp-content\/uploads\/2020\/11\/Lagunas-de-Atacama-10-copia.jpg\",\"width\":707,\"height\":720,\"caption\":\"tour la serena precios\"},{\"@type\":\"BreadcrumbList\",\"@id\":\"https:\/\/www.geoturismolickanantay.cl\/en\/product\/lagunas-de-atacama\/#breadcrumb\",\"itemListElement\":[{\"@type\":\"ListItem\",\"position\":1,\"name\":\"Portada\",\"item\":\"https:\/\/www.geoturismolickanantay.cl\/en\/\"},{\"@type\":\"ListItem\",\"position\":2,\"name\":\"Tienda\",\"item\":\"https:\/\/www.geoturismolickanantay.cl\/tienda-accesorios-senderismo-en-chile\/\"},{\"@type\":\"ListItem\",\"position\":3,\"name\":\"LAGUNAS DE ATACAMA\"}]},{\"@type\":\"WebSite\",\"@id\":\"https:\/\/www.geoturismolickanantay.cl\/en\/#website\",\"url\":\"https:\/\/www.geoturismolickanantay.cl\/en\/\",\"name\":\"Geoturismo\",\"description\":\"Turismo\",\"potentialAction\":[{\"@type\":\"SearchAction\",\"target\":{\"@type\":\"EntryPoint\",\"urlTemplate\":\"https:\/\/www.geoturismolickanantay.cl\/en\/?s={search_term_string}\"},\"query-input\":\"required name=search_term_string\"}],\"inLanguage\":\"en-US\"}]}<\/script>\n<!-- \/ Yoast SEO plugin. -->","yoast_head_json":{"title":"LAGUNAS DE ATACAMA - Geoturismo","description":"Si tu sue\u00f1o son las excursiones por Chile, a Atacama, con nuestros tour podr\u00e1s cumplirlo. Cont\u00e1ctanos y te sorprender\u00e1s.","robots":{"index":"index","follow":"follow","max-snippet":"max-snippet:-1","max-image-preview":"max-image-preview:large","max-video-preview":"max-video-preview:-1"},"canonical":"https:\/\/www.geoturismolickanantay.cl\/en\/product\/lagunas-de-atacama\/","og_locale":"en_US","og_type":"article","og_title":"LAGUNAS DE ATACAMA - Geoturismo","og_description":"Si tu sue\u00f1o son las excursiones por Chile, a Atacama, con nuestros tour podr\u00e1s cumplirlo. Cont\u00e1ctanos y te sorprender\u00e1s.","og_url":"https:\/\/www.geoturismolickanantay.cl\/en\/product\/lagunas-de-atacama\/","og_site_name":"Geoturismo","article_modified_time":"2025-12-23T10:03:12+00:00","og_image":[{"width":707,"height":720,"url":"https:\/\/www.geoturismolickanantay.cl\/wp-content\/uploads\/2020\/11\/Lagunas-de-Atacama-10-copia.jpg","type":"image\/jpeg"}],"twitter_card":"summary_large_image","twitter_misc":{"Est. reading time":"1 minute"},"schema":{"@context":"https:\/\/schema.org","@graph":[{"@type":"WebPage","@id":"https:\/\/www.geoturismolickanantay.cl\/en\/product\/lagunas-de-atacama\/","url":"https:\/\/www.geoturismolickanantay.cl\/en\/product\/lagunas-de-atacama\/","name":"LAGUNAS DE ATACAMA - Geoturismo","isPartOf":{"@id":"https:\/\/www.geoturismolickanantay.cl\/en\/#website"},"primaryImageOfPage":{"@id":"https:\/\/www.geoturismolickanantay.cl\/en\/product\/lagunas-de-atacama\/#primaryimage"},"image":{"@id":"https:\/\/www.geoturismolickanantay.cl\/en\/product\/lagunas-de-atacama\/#primaryimage"},"thumbnailUrl":"https:\/\/www.geoturismolickanantay.cl\/wp-content\/uploads\/2020\/11\/Lagunas-de-Atacama-10-copia.jpg","datePublished":"2020-11-11T19:30:30+00:00","dateModified":"2025-12-23T10:03:12+00:00","description":"Si tu sue\u00f1o son las excursiones por Chile, a Atacama, con nuestros tour podr\u00e1s cumplirlo. Cont\u00e1ctanos y te sorprender\u00e1s.","breadcrumb":{"@id":"https:\/\/www.geoturismolickanantay.cl\/en\/product\/lagunas-de-atacama\/#breadcrumb"},"inLanguage":"en-US","potentialAction":[{"@type":"ReadAction","target":["https:\/\/www.geoturismolickanantay.cl\/en\/product\/lagunas-de-atacama\/"]}]},{"@type":"ImageObject","inLanguage":"en-US","@id":"https:\/\/www.geoturismolickanantay.cl\/en\/product\/lagunas-de-atacama\/#primaryimage","url":"https:\/\/www.geoturismolickanantay.cl\/wp-content\/uploads\/2020\/11\/Lagunas-de-Atacama-10-copia.jpg","contentUrl":"https:\/\/www.geoturismolickanantay.cl\/wp-content\/uploads\/2020\/11\/Lagunas-de-Atacama-10-copia.jpg","width":707,"height":720,"caption":"tour la serena precios"},{"@type":"BreadcrumbList","@id":"https:\/\/www.geoturismolickanantay.cl\/en\/product\/lagunas-de-atacama\/#breadcrumb","itemListElement":[{"@type":"ListItem","position":1,"name":"Portada","item":"https:\/\/www.geoturismolickanantay.cl\/en\/"},{"@type":"ListItem","position":2,"name":"Tienda","item":"https:\/\/www.geoturismolickanantay.cl\/tienda-accesorios-senderismo-en-chile\/"},{"@type":"ListItem","position":3,"name":"LAGUNAS DE ATACAMA"}]},{"@type":"WebSite","@id":"https:\/\/www.geoturismolickanantay.cl\/en\/#website","url":"https:\/\/www.geoturismolickanantay.cl\/en\/","name":"Geoturismo","description":"Turismo","potentialAction":[{"@type":"SearchAction","target":{"@type":"EntryPoint","urlTemplate":"https:\/\/www.geoturismolickanantay.cl\/en\/?s={search_term_string}"},"query-input":"required name=search_term_string"}],"inLanguage":"en-US"}]}},"_links":{"self":[{"href":"https:\/\/www.geoturismolickanantay.cl\/en\/wp-json\/wp\/v2\/product\/452","targetHints":{"allow":["GET"]}}],"collection":[{"href":"https:\/\/www.geoturismolickanantay.cl\/en\/wp-json\/wp\/v2\/product"}],"about":[{"href":"https:\/\/www.geoturismolickanantay.cl\/en\/wp-json\/wp\/v2\/types\/product"}],"replies":[{"embeddable":true,"href":"https:\/\/www.geoturismolickanantay.cl\/en\/wp-json\/wp\/v2\/comments?post=452"}],"version-history":[{"count":1,"href":"https:\/\/www.geoturismolickanantay.cl\/en\/wp-json\/wp\/v2\/product\/452\/revisions"}],"predecessor-version":[{"id":6354,"href":"https:\/\/www.geoturismolickanantay.cl\/en\/wp-json\/wp\/v2\/product\/452\/revisions\/6354"}],"wp:featuredmedia":[{"embeddable":true,"href":"https:\/\/www.geoturismolickanantay.cl\/en\/wp-json\/wp\/v2\/media\/1371"}],"wp:attachment":[{"href":"https:\/\/www.geoturismolickanantay.cl\/en\/wp-json\/wp\/v2\/media?parent=452"}],"wp:term":[{"taxonomy":"product_cat","embeddable":true,"href":"https:\/\/www.geoturismolickanantay.cl\/en\/wp-json\/wp\/v2\/product_cat?post=452"},{"taxonomy":"product_tag","embeddable":true,"href":"https:\/\/www.geoturismolickanantay.cl\/en\/wp-json\/wp\/v2\/product_tag?post=452"}],"curies":[{"name":"wp","href":"https:\/\/api.w.org\/{rel}","templated":true}]}}